{"id":9736,"date":"2026-02-10T09:50:41","date_gmt":"2026-02-10T02:50:41","guid":{"rendered":"https:\/\/britchamvn.com\/britcham-job-listings\/"},"modified":"2026-02-10T09:50:41","modified_gmt":"2026-02-10T02:50:41","slug":"britcham-job-listings","status":"publish","type":"page","link":"https:\/\/britchamvn.com\/vi\/britcham-job-listings\/","title":{"rendered":"BritCham Job Listings"},"content":{"rendered":"<div class=\"bcjb-wrap\">\n        <div class=\"bcjb-nav-buttons\"><a href=\"https:\/\/britchamvn.com\/vi\/britcham-job-listings\/\" class=\"bcjb-nav-btn bcjb-nav-btn--active\">JOB LISTINGS<\/a><a href=\"https:\/\/britchamvn.com\/vi\/britcham-cv-library\/\" class=\"bcjb-nav-btn\">XEM TH\u01af VI\u1ec6N CV<\/a><a href=\"https:\/\/britchamvn.com\/vi\/britcham-submit-cv\/\" class=\"bcjb-nav-btn\">SUBMIT CV<\/a><\/div>\n        <div class=\"bcjb-section-intro\">\n            <p>Trang Danh s\u00e1ch Vi\u1ec7c l\u00e0m c\u1ee7a BritCham, \u0111\u01b0\u1ee3c t\u00e0i tr\u1ee3 b\u1edfi ICAEW, l\u00e0 m\u1ed9t ngu\u1ed3n t\u00e0i nguy\u00ean \u0111\u1ed9c quy\u1ec1n d\u00e0nh cho c\u00e1c th\u00e0nh vi\u00ean c\u1ee7a ch\u00fang t\u00f4i \u0111\u1ec3 \u0111\u0103ng t\u1ea3i m\u00f4 t\u1ea3 c\u00f4ng vi\u1ec7c, tuy\u1ec3n d\u1ee5ng nh\u00e2n t\u00e0i h\u00e0ng \u0111\u1ea7u v\u00e0 ti\u1ebfp c\u1eadn m\u1ed9t ngu\u1ed3n nh\u00e2n l\u1ef1c \u0111a d\u1ea1ng g\u1ed3m c\u00e1c chuy\u00ean gia s\u1eb5n s\u00e0ng \u0111\u00f3ng g\u00f3p v\u00e0o th\u00e0nh c\u00f4ng c\u1ee7a b\u1ea1n.<\/p>\n            <p>Whether you're hiring or job hunting, this platform connects you with the best talent Vietnam has to offer. Join us in building the future of business in Vietnam!<\/p>\n        <\/div>\n\n                \n                    <div class=\"bcjb-notice bcjb-notice--info\">You must be <a href=\"https:\/\/britchamvn.com\/vi\/loginbritchamvn\/?redirect_to=https%3A%2F%2Fbritchamvn.com%2Fvi%2Fbritcham-job-listings%2F\">logged in<\/a> to submit a job listing.<\/div>\n        \n        <div class=\"bcjb-divider\"><\/div>\n\n        <div class=\"bcjb-search-bar\"><form method=\"get\" class=\"bcjb-filter-form\" action=\"\"><div class=\"bcjb-filter-row\">\n            <div class=\"bcjb-filter-field bcjb-filter-field--keyword\"><label for=\"bcjb_keyword\">Keywords<\/label><input type=\"text\" name=\"bcjb_keyword\" id=\"bcjb_keyword\" placeholder=\"Keywords\" value=\"\"><\/div>\n            <div class=\"bcjb-filter-field bcjb-filter-field--location\"><label for=\"bcjb_location\">Location<\/label><input type=\"text\" name=\"bcjb_location\" id=\"bcjb_location\" placeholder=\"Location\" value=\"\"><\/div>\n            <div class=\"bcjb-filter-field bcjb-filter-field--remote\"><label class=\"bcjb-checkbox-label\"><input type=\"checkbox\" class=\"bcjb-custom-check\" name=\"bcjb_remote\" value=\"1\" ><span>Remote positions only<\/span><\/label><\/div>\n            <div class=\"bcjb-filter-field bcjb-filter-field--submit\"><button type=\"submit\" class=\"bcjb-btn bcjb-btn--primary\">Search Jobs<\/button><\/div>\n        <\/div><input type=\"hidden\" name=\"trp-form-language\" value=\"vi\"\/><\/form><\/div>\n\n        <div class=\"bcjb-type-tabs\"><a href=\"\/vi\/wp-json\/wp\/v2\/pages\/9736?bcjb_job_type=full-time\" class=\"bcjb-tab\">To\u00e0n th\u1eddi gian<\/a><a href=\"\/vi\/wp-json\/wp\/v2\/pages\/9736?bcjb_job_type=part-time\" class=\"bcjb-tab\">B\u00e1n th\u1eddi gian<\/a><a href=\"\/vi\/wp-json\/wp\/v2\/pages\/9736?bcjb_job_type=temporary\" class=\"bcjb-tab\">T\u1ea1m th\u1eddi<\/a><a href=\"\/vi\/wp-json\/wp\/v2\/pages\/9736?bcjb_job_type=freelance\" class=\"bcjb-tab\">L\u00e0m vi\u1ec7c t\u1ef1 do<\/a><a href=\"\/vi\/wp-json\/wp\/v2\/pages\/9736?bcjb_job_type=internship\" class=\"bcjb-tab\">K\u1ef3 th\u1ef1c t\u1eadp<\/a><\/div>\n\n        <div class=\"bcjb-job-list\">\n                    <div class=\"bcjb-job-card\">\n                <div class=\"bcjb-job-card__header\"><h3 class=\"bcjb-job-card__title\">Test1<\/h3><span class=\"bcjb-badge bcjb-badge--temporary\">T\u1ea1m th\u1eddi<\/span><\/div>\n                <div class=\"bcjb-job-card__meta\">\n                    <span class=\"bcjb-meta-item\"><svg width=\"14\" height=\"14\" viewbox=\"0 0 24 24\" fill=\"none\" stroke=\"currentColor\" stroke-width=\"2\"><path d=\"M21 10c0 7-9 13-9 13s-9-6-9-13a9 9 0 0118 0z\"\/><circle cx=\"12\" cy=\"10\" r=\"3\"\/><\/svg> H\u1ed3 Ch\u00ed Minh<\/span>                    <span class=\"bcjb-meta-item\">T\u1ea1i ch\u1ed7<\/span>                    <span class=\"bcjb-meta-item\">500 VND<\/span>                    <span class=\"bcjb-meta-item\">2 th\u00e1ng ago<\/span>\n                <\/div>\n                <div class=\"bcjb-job-card__excerpt\">dsadas<\/div>\n                <div class=\"bcjb-job-card__footer\">\n                    <a href=\"#\" class=\"bcjb-btn bcjb-btn--outline bcjb-detail-trigger\" data-id=\"9746\">View Details<\/a>\n                    <a href=\"mailto:doanhuuthiet@gmail.com\" class=\"bcjb-btn bcjb-btn--primary\">Apply Now<\/a>                <\/div>\n            <\/div>\n                <\/div>\n\n                <\/div>","protected":false},"excerpt":{"rendered":"","protected":false},"author":1,"featured_media":0,"parent":0,"menu_order":0,"comment_status":"closed","ping_status":"closed","template":"","meta":{"footnotes":""},"class_list":["post-9736","page","type-page","status-publish","hentry"],"_links":{"self":[{"href":"https:\/\/britchamvn.com\/vi\/wp-json\/wp\/v2\/pages\/9736","targetHints":{"allow":["GET"]}}],"collection":[{"href":"https:\/\/britchamvn.com\/vi\/wp-json\/wp\/v2\/pages"}],"about":[{"href":"https:\/\/britchamvn.com\/vi\/wp-json\/wp\/v2\/types\/page"}],"author":[{"embeddable":true,"href":"https:\/\/britchamvn.com\/vi\/wp-json\/wp\/v2\/users\/1"}],"replies":[{"embeddable":true,"href":"https:\/\/britchamvn.com\/vi\/wp-json\/wp\/v2\/comments?post=9736"}],"version-history":[{"count":0,"href":"https:\/\/britchamvn.com\/vi\/wp-json\/wp\/v2\/pages\/9736\/revisions"}],"wp:attachment":[{"href":"https:\/\/britchamvn.com\/vi\/wp-json\/wp\/v2\/media?parent=9736"}],"curies":[{"name":"wp","href":"https:\/\/api.w.org\/{rel}","templated":true}]}}