{"id":967,"date":"2020-12-18T07:20:36","date_gmt":"2020-12-18T07:20:36","guid":{"rendered":"https:\/\/britchamvn.com\/?page_id=967"},"modified":"2025-05-14T15:34:37","modified_gmt":"2025-05-14T08:34:37","slug":"career-marketing-communications","status":"publish","type":"page","link":"https:\/\/britchamvn.com\/vi\/career-marketing-communications\/","title":{"rendered":"C\u01a1 h\u1ed9i ngh\u1ec1 nghi\u1ec7p"},"content":{"rendered":"<p style=\"text-align: center;\"><span style=\"color: #000080;\"><strong>CH\u00daNG T\u00d4I \u0110ANG TUY\u1ec2N D\u1ee4NG<\/strong><\/span><\/p>\n<p style=\"text-align: center;\"><span style=\"color: #000080;\"><strong>GI\u00c1M \u0110\u1ed0C TI\u1ebeP TH\u1eca &amp; TRUY\u1ec0N TH\u00d4NG<\/strong><\/span><\/p>\n<p><img loading=\"lazy\" decoding=\"async\" class=\"size-full wp-image-8730 aligncenter\" src=\"https:\/\/britchamvn.com\/wp-content\/uploads\/2025\/05\/WERE-HIRING-11.png\" alt=\"\" width=\"600\" height=\"300\" srcset=\"https:\/\/britchamvn.com\/wp-content\/uploads\/2025\/05\/WERE-HIRING-11.png 600w, https:\/\/britchamvn.com\/wp-content\/uploads\/2025\/05\/WERE-HIRING-11-300x150.png 300w\" sizes=\"auto, (max-width: 600px) 100vw, 600px\" \/><\/p>\n<p style=\"text-align: justify;\"><strong>M\u00f4 t\u1ea3 c\u00f4ng vi\u1ec7c:<\/strong><br \/>\nCh\u1ecbu tr\u00e1ch nhi\u1ec7m d\u1eabn d\u1eaft vi\u1ec7c ph\u00e1t tri\u1ec3n v\u00e0 tri\u1ec3n khai chi\u1ebfn l\u01b0\u1ee3c ti\u1ebfp th\u1ecb v\u00e0 truy\u1ec1n th\u00f4ng c\u1ee7a BritCham. Vai tr\u00f2 n\u00e0y s\u1ebd bao g\u1ed3m nh\u01b0ng kh\u00f4ng gi\u1edbi h\u1ea1n \u1edf c\u00e1c nhi\u1ec7m v\u1ee5 sau:<\/p>\n<ul style=\"list-style-type: circle; text-align: justify;\">\n<li>\u2013 Qu\u1ea3n l\u00fd n\u1ed9i dung v\u00e0 ch\u1ee9c n\u0103ng c\u1ee7a c\u00e1c n\u1ec1n t\u1ea3ng k\u1ef9 thu\u1eadt s\u1ed1 c\u1ee7a ch\u00fang t\u00f4i<\/li>\n<li>\u2013 Ph\u00e1t tri\u1ec3n c\u00e1c \u00fd t\u01b0\u1edfng m\u1edbi v\u1ec1 c\u01a1 h\u1ed9i \u0111\u1ec3 BritCham m\u1edf r\u1ed9ng s\u1ef1 t\u01b0\u01a1ng t\u00e1c v\u1edbi c\u00e1c \u0111\u1ed1i t\u01b0\u1ee3ng \u0437\u0430\u0438\u043d\u0442\u0435\u0440\u0435\u0441\u043e\u0432\u0430\u043d\u043d\u044b\u0445 b\u00ean hi\u1ec7n c\u00f3 v\u00e0 m\u1edbi; v\u00e0 tri\u1ec3n khai c\u00e1c s\u00e1ng ki\u1ebfn\/ph\u01b0\u01a1ng ph\u00e1p\/k\u00eanh truy\u1ec1n th\u00f4ng m\u1edbi, \u0111\u1ea3m b\u1ea3o t\u00ednh nh\u1ea5t qu\u00e1n c\u1ee7a th\u01b0\u01a1ng hi\u1ec7u. <span style=\"color: #000000;\">c\u00f4ng b\u1eb1ng<\/span> Th\u00f4ng qua c\u00e1c k\u00eanh k\u1ef9 thu\u1eadt s\u1ed1 v\u00e0 c\u00e1c k\u00eanh kh\u00e1c.<\/li>\n<li>\u2013 X\u00e2y d\u1ef1ng v\u00e0 tri\u1ec3n khai chi\u1ebfn l\u01b0\u1ee3c ti\u1ebfp th\u1ecb k\u1ef9 thu\u1eadt s\u1ed1 cho t\u1ea5t c\u1ea3 c\u00e1c y\u1ebfu t\u1ed1 trong chi\u1ebfn l\u01b0\u1ee3c truy\u1ec1n th\u00f4ng c\u1ee7a Ph\u00f2ng Th\u01b0\u01a1ng m\u1ea1i.<\/li>\n<li>\u2013 Hi\u1ec3u v\u00e0 ph\u00e1t tri\u1ec3n\/c\u1ea3i thi\u1ec7n giao di\u1ec7n ng\u01b0\u1eddi d\u00f9ng\/tr\u1ea3i nghi\u1ec7m ng\u01b0\u1eddi d\u00f9ng hi\u1ec7u qu\u1ea3 cho c\u00e1c n\u1ec1n t\u1ea3ng k\u1ef9 thu\u1eadt s\u1ed1 c\u1ee7a BritCham.<\/li>\n<li>\u2013 Chu\u1ea9n b\u1ecb v\u00e0 ph\u00e2n ph\u00e1t c\u00e1c b\u1ea3n tin v\u00e0 th\u00f4ng tin c\u1eadp nh\u1eadt \u0111\u1ecbnh k\u1ef3.<\/li>\n<li>\u2013 Ph\u1ed1i h\u1ee3p v\u1edbi c\u00e1c nh\u00e0 cung c\u1ea5p d\u1ecbch v\u1ee5 \u0111\u1ec3 \u0111\u1ea3m b\u1ea3o ch\u1ee9c n\u0103ng c\u1ee7a trang web ho\u1ea1t \u0111\u1ed9ng.<\/li>\n<li>\u2013 Ph\u00e1t tri\u1ec3n v\u00e0 qu\u1ea3n l\u00fd t\u1ea5t c\u1ea3 c\u00e1c ho\u1ea1t \u0111\u1ed9ng ti\u1ebfp th\u1ecb ph\u00f9 h\u1ee3p v\u1edbi chi\u1ebfn l\u01b0\u1ee3c\/k\u1ebf ho\u1ea1ch\/b\u1ea3n t\u00f3m t\u1eaft \u0111\u00e3 \u0111\u01b0\u1ee3c ph\u00ea duy\u1ec7t. \u0110i\u1ec1u n\u00e0y bao g\u1ed3m ti\u1ebfp th\u1ecb chung cho ph\u00f2ng th\u01b0\u01a1ng m\u1ea1i v\u00e0 ti\u1ebfp th\u1ecb s\u1ef1 ki\u1ec7n c\u1ee5 th\u1ec3.<\/li>\n<li>\u2013 Thi\u1ebft k\u1ebf to\u00e0n b\u1ed9 t\u00e0i li\u1ec7u ti\u1ebfp th\u1ecb cho BritCham, ch\u1eb3ng h\u1ea1n nh\u01b0 bi\u1ec3u ng\u1eef, \u00e1p ph\u00edch k\u1ef9 thu\u1eadt s\u1ed1, ph\u00f4ng n\u1ec1n, v.v. cho c\u00e1c s\u1ef1 ki\u1ec7n, ph\u00f9 h\u1ee3p v\u1edbi th\u01b0\u01a1ng hi\u1ec7u v\u00e0 y\u00eau c\u1ea7u ti\u1ebfp th\u1ecb.<\/li>\n<li>\u2013 Ph\u00e1t tri\u1ec3n v\u00e0 d\u1eabn d\u1eaft d\u1ef1 \u00e1n c\u00e1c ho\u1ea1t \u0111\u1ed9ng ti\u1ebfp th\u1ecb t\u1ea1o doanh thu, ch\u1eb3ng h\u1ea1n nh\u01b0 banner tr\u00ean website, qu\u1ea3ng c\u00e1o, b\u00e0i vi\u1ebft tr\u00ean b\u1ea3n tin \u0111i\u1ec7n t\u1eed d\u00e0nh cho th\u00e0nh vi\u00ean, v.v.<\/li>\n<li>\u2013 H\u00e3y \u0111\u1ea3m b\u1ea3o c\u01a1 s\u1edf d\u1eef li\u1ec7u li\u00ean h\u1ec7 \u0111\u01b0\u1ee3c c\u1eadp nh\u1eadt v\u00e0 t\u1ea5t c\u1ea3 danh s\u00e1ch g\u1eedi th\u01b0 \u0111\u1ec1u \u0111\u01b0\u1ee3c l\u1ecdc ch\u00ednh x\u00e1c.<\/li>\n<li>\u2013 Qu\u1ea3n l\u00fd ng\u00e2n s\u00e1ch ti\u1ebfp th\u1ecb<\/li>\n<li>\u2013 Ph\u00e1t tri\u1ec3n v\u00e0 duy tr\u00ec m\u1ed1i quan h\u1ec7 t\u1ed1t v\u1edbi c\u00e1c b\u00ean li\u00ean quan tr\u00ean ph\u01b0\u01a1ng ti\u1ec7n truy\u1ec1n th\u00f4ng \u0111\u1ecba ph\u01b0\u01a1ng v\u00e0 to\u00e0n V\u01b0\u01a1ng qu\u1ed1c Anh.<\/li>\n<li>\u2013 H\u1ed7 tr\u1ee3 c\u00f4ng t\u00e1c t\u1ed5 ch\u1ee9c s\u1ef1 ki\u1ec7n c\u1ee7a BritCham (khi c\u1ea7n thi\u1ebft)<\/li>\n<li>\u2013 Th\u1ef1c hi\u1ec7n c\u00e1c nhi\u1ec7m v\u1ee5 kh\u00e1c c\u1ee7a h\u1ed9i \u0111\u1ed3ng qu\u1ea3n tr\u1ecb theo y\u00eau c\u1ea7u c\u1ee7a Gi\u00e1m \u0111\u1ed1c \u0111i\u1ec1u h\u00e0nh.<\/li>\n<\/ul>\n<p style=\"text-align: justify;\">\u0110\u1ec3 n\u1ed9p \u0111\u01a1n \u1ee9ng tuy\u1ec3n, vui l\u00f2ng g\u1eedi CV hi\u1ec7n t\u1ea1i v\u00e0 m\u1ee9c l\u01b0\u01a1ng mong mu\u1ed1n c\u1ee7a b\u1ea1n \u0111\u1ebfn \u0111\u1ecba ch\u1ec9 sau: <a href=\"mailto:thuy.tran@britchamvn.com\">thuy.tran@britchamvn.com<\/a>. H\u1ea1n ch\u00f3t n\u1ed9p h\u1ed3 s\u01a1 l\u00e0 th\u1ee9 Ba, ng\u00e0y 27 th\u00e1ng 5.<\/p>","protected":false},"excerpt":{"rendered":"<p>WE&#8217;RE HIRING MARKETING &amp; COMMUNICATIONS EXECUTIVE Job description: Responsible for leading the development and delivery of the BritCham marketing and communications strategy. The role will include but not exclusively, the following tasks: &#8211; Manage content and functions of our digital platforms &#8211; Develop new ideas regarding opportunities for BritCham to expand engagement with existing and [&hellip;]<\/p>","protected":false},"author":1,"featured_media":0,"parent":0,"menu_order":33,"comment_status":"closed","ping_status":"closed","template":"","meta":{"footnotes":""},"class_list":["post-967","page","type-page","status-publish","hentry"],"_links":{"self":[{"href":"https:\/\/britchamvn.com\/vi\/wp-json\/wp\/v2\/pages\/967","targetHints":{"allow":["GET"]}}],"collection":[{"href":"https:\/\/britchamvn.com\/vi\/wp-json\/wp\/v2\/pages"}],"about":[{"href":"https:\/\/britchamvn.com\/vi\/wp-json\/wp\/v2\/types\/page"}],"author":[{"embeddable":true,"href":"https:\/\/britchamvn.com\/vi\/wp-json\/wp\/v2\/users\/1"}],"replies":[{"embeddable":true,"href":"https:\/\/britchamvn.com\/vi\/wp-json\/wp\/v2\/comments?post=967"}],"version-history":[{"count":43,"href":"https:\/\/britchamvn.com\/vi\/wp-json\/wp\/v2\/pages\/967\/revisions"}],"predecessor-version":[{"id":8731,"href":"https:\/\/britchamvn.com\/vi\/wp-json\/wp\/v2\/pages\/967\/revisions\/8731"}],"wp:attachment":[{"href":"https:\/\/britchamvn.com\/vi\/wp-json\/wp\/v2\/media?parent=967"}],"curies":[{"name":"wp","href":"https:\/\/api.w.org\/{rel}","templated":true}]}}