{"id":965,"date":"2020-12-18T07:19:56","date_gmt":"2020-12-18T07:19:56","guid":{"rendered":"https:\/\/britchamvn.com\/terms-and-conditions-copy\/"},"modified":"2020-12-18T07:20:09","modified_gmt":"2020-12-18T07:20:09","slug":"faq","status":"publish","type":"page","link":"https:\/\/britchamvn.com\/vi\/faq\/","title":{"rendered":"C\u00e2u h\u1ecfi th\u01b0\u1eddng g\u1eb7p"},"content":{"rendered":"<p><img loading=\"lazy\" decoding=\"async\" class=\"alignnone size-full wp-image-951\" src=\"https:\/\/britchamvn.com\/wp-content\/uploads\/2020\/12\/coming-soon-1.jpg\" alt=\"\" width=\"270\" height=\"187\" \/><\/p>\n<p>S\u1eafp ra m\u1eaft. \u0110\u1ec3 \u0111\u01b0\u1ee3c h\u1ed7 tr\u1ee3 ngay l\u1eadp t\u1ee9c, vui l\u00f2ng li\u00ean h\u1ec7 v\u1edbi ch\u00fang t\u00f4i theo \u0111\u1ecba ch\u1ec9 sau: <a href=\"mailto:enquiries@britchamvn.com\">enquiries@britchamvn.com<\/a><\/p>","protected":false},"excerpt":{"rendered":"<p>Coming soon. For immediate assistance, please contact us at enquiries@britchamvn.com<\/p>","protected":false},"author":1,"featured_media":0,"parent":0,"menu_order":31,"comment_status":"closed","ping_status":"closed","template":"","meta":{"footnotes":""},"class_list":["post-965","page","type-page","status-publish","hentry"],"_links":{"self":[{"href":"https:\/\/britchamvn.com\/vi\/wp-json\/wp\/v2\/pages\/965","targetHints":{"allow":["GET"]}}],"collection":[{"href":"https:\/\/britchamvn.com\/vi\/wp-json\/wp\/v2\/pages"}],"about":[{"href":"https:\/\/britchamvn.com\/vi\/wp-json\/wp\/v2\/types\/page"}],"author":[{"embeddable":true,"href":"https:\/\/britchamvn.com\/vi\/wp-json\/wp\/v2\/users\/1"}],"replies":[{"embeddable":true,"href":"https:\/\/britchamvn.com\/vi\/wp-json\/wp\/v2\/comments?post=965"}],"version-history":[{"count":1,"href":"https:\/\/britchamvn.com\/vi\/wp-json\/wp\/v2\/pages\/965\/revisions"}],"predecessor-version":[{"id":966,"href":"https:\/\/britchamvn.com\/vi\/wp-json\/wp\/v2\/pages\/965\/revisions\/966"}],"wp:attachment":[{"href":"https:\/\/britchamvn.com\/vi\/wp-json\/wp\/v2\/media?parent=965"}],"curies":[{"name":"wp","href":"https:\/\/api.w.org\/{rel}","templated":true}]}}