{"id":963,"date":"2020-12-18T07:19:35","date_gmt":"2020-12-18T07:19:35","guid":{"rendered":"https:\/\/britchamvn.com\/?page_id=963"},"modified":"2020-12-18T07:19:35","modified_gmt":"2020-12-18T07:19:35","slug":"terms-and-conditions","status":"publish","type":"page","link":"https:\/\/britchamvn.com\/vi\/terms-and-conditions\/","title":{"rendered":"\u0110i\u1ec1u kho\u1ea3n v\u00e0 \u0111i\u1ec1u ki\u1ec7n"},"content":{"rendered":"<p><img loading=\"lazy\" decoding=\"async\" class=\"alignnone size-full wp-image-951\" src=\"https:\/\/britchamvn.com\/wp-content\/uploads\/2020\/12\/coming-soon-1.jpg\" alt=\"\" width=\"270\" height=\"187\" \/><\/p>\n<p>S\u1eafp ra m\u1eaft. \u0110\u1ec3 \u0111\u01b0\u1ee3c h\u1ed7 tr\u1ee3 ngay l\u1eadp t\u1ee9c, vui l\u00f2ng li\u00ean h\u1ec7 v\u1edbi ch\u00fang t\u00f4i theo \u0111\u1ecba ch\u1ec9 sau: <a href=\"mailto:enquiries@britchamvn.com\">enquiries@britchamvn.com<\/a><\/p>","protected":false},"excerpt":{"rendered":"<p>Coming soon. For immediate assistance, please contact us at enquiries@britchamvn.com<\/p>","protected":false},"author":1,"featured_media":0,"parent":0,"menu_order":30,"comment_status":"closed","ping_status":"closed","template":"","meta":{"footnotes":""},"class_list":["post-963","page","type-page","status-publish","hentry"],"_links":{"self":[{"href":"https:\/\/britchamvn.com\/vi\/wp-json\/wp\/v2\/pages\/963","targetHints":{"allow":["GET"]}}],"collection":[{"href":"https:\/\/britchamvn.com\/vi\/wp-json\/wp\/v2\/pages"}],"about":[{"href":"https:\/\/britchamvn.com\/vi\/wp-json\/wp\/v2\/types\/page"}],"author":[{"embeddable":true,"href":"https:\/\/britchamvn.com\/vi\/wp-json\/wp\/v2\/users\/1"}],"replies":[{"embeddable":true,"href":"https:\/\/britchamvn.com\/vi\/wp-json\/wp\/v2\/comments?post=963"}],"version-history":[{"count":1,"href":"https:\/\/britchamvn.com\/vi\/wp-json\/wp\/v2\/pages\/963\/revisions"}],"predecessor-version":[{"id":964,"href":"https:\/\/britchamvn.com\/vi\/wp-json\/wp\/v2\/pages\/963\/revisions\/964"}],"wp:attachment":[{"href":"https:\/\/britchamvn.com\/vi\/wp-json\/wp\/v2\/media?parent=963"}],"curies":[{"name":"wp","href":"https:\/\/api.w.org\/{rel}","templated":true}]}}