{"id":664,"date":"2020-12-16T07:35:44","date_gmt":"2020-12-16T07:35:44","guid":{"rendered":"https:\/\/britchamvn.com\/?page_id=664"},"modified":"2025-06-06T11:07:53","modified_gmt":"2025-06-06T04:07:53","slug":"our-projects","status":"publish","type":"page","link":"https:\/\/britchamvn.com\/vi\/charity\/our-projects\/","title":{"rendered":"Our Projects"},"content":{"rendered":"<p><span style=\"color: #000080;\">N\u1ebfu b\u1ea1n mu\u1ed1n \u0111\u0103ng k\u00fd tham gia c\u00e1c d\u1ef1 \u00e1n t\u1eeb thi\u1ec7n, vui l\u00f2ng t\u1ea3i xu\u1ed1ng M\u1eabu \u0111\u01a1n \u0111\u0103ng k\u00fd t\u1eeb thi\u1ec7n b\u00ean d\u01b0\u1edbi v\u00e0 g\u1eedi \u0111\u1ebfn \u0111\u1ecba ch\u1ec9 sau: <a href=\"mailto:giang.ngo@britchamvn.com\">giang.ngo@britchamvn.com<\/a>, Ch\u00fang t\u00f4i s\u1ebd li\u00ean h\u1ec7 l\u1ea1i v\u1edbi b\u1ea1n k\u00e8m theo m\u1eabu \u0111\u01a1n xin ph\u00ea duy\u1ec7t.<\/span><\/p>\n<p><span style=\"text-decoration: underline;\"><span style=\"color: #030377; text-decoration: underline;\"><a href=\"https:\/\/britchamvn.com\/wp-content\/uploads\/2025\/06\/BritCham-Vietnam_Charitable-Program-Application-Form.pdf\" target=\"\" rel=\"noopener\">\u0110\u01a1n \u0111\u0103ng k\u00fd ch\u01b0\u01a1ng tr\u00ecnh t\u1eeb thi\u1ec7n BritCham Vi\u1ec7t Nam<\/a><\/span><\/span><\/p>\n<p><a href=\"https:\/\/britchamvn.com\/wp-content\/uploads\/2025\/06\/BritCham-Vietnam_Charitable-Program-Application-Form.docx\">\u0110\u01a1n \u0111\u0103ng k\u00fd ch\u01b0\u01a1ng tr\u00ecnh t\u1eeb thi\u1ec7n BritCham Vi\u1ec7t Nam<\/a><\/p>\n<p><span style=\"color: #000080;\">V\u1edbi s\u1ef1 gi\u00fap \u0111\u1ee1 c\u1ee7a c\u00e1c b\u1ea1n, ch\u00fang t\u00f4i mong mu\u1ed1n \u0111\u01b0\u1ee3c b\u00e1o c\u00e1o v\u1ec1 nh\u1eefng \u0111\u00f3ng g\u00f3p c\u1ee7a BritCham Vi\u1ec7t Nam trong vi\u1ec7c c\u1ea3i thi\u1ec7n cu\u1ed9c s\u1ed1ng c\u1ee7a nh\u1eefng ng\u01b0\u1eddi y\u1ebfu th\u1ebf nh\u1ea5t trong x\u00e3 h\u1ed9i.<\/span><\/p>\n<p><span style=\"color: #000080;\">\u0110\u1ec3 bi\u1ebft th\u00eam th\u00f4ng tin chi ti\u1ebft, vui l\u00f2ng li\u00ean h\u1ec7<\/span> <a href=\"mailto:giang.ngo@britchamvn.com\">giang.ngo@britchamvn.com<\/a><\/p>","protected":false},"excerpt":{"rendered":"<p>If you would like to apply for charity projects, please download the Charity Application Form below and send it to giang.ngo@britchamvn.com, we will get back to you with the application form for getting approval. BritCham Vietnam Charitable Program Application Form BritCham Vietnam Charitable Program Application Form With your help, we look forward to reporting back [&hellip;]<\/p>","protected":false},"author":1,"featured_media":0,"parent":669,"menu_order":6,"comment_status":"closed","ping_status":"closed","template":"","meta":{"footnotes":""},"class_list":["post-664","page","type-page","status-publish","hentry"],"_links":{"self":[{"href":"https:\/\/britchamvn.com\/vi\/wp-json\/wp\/v2\/pages\/664","targetHints":{"allow":["GET"]}}],"collection":[{"href":"https:\/\/britchamvn.com\/vi\/wp-json\/wp\/v2\/pages"}],"about":[{"href":"https:\/\/britchamvn.com\/vi\/wp-json\/wp\/v2\/types\/page"}],"author":[{"embeddable":true,"href":"https:\/\/britchamvn.com\/vi\/wp-json\/wp\/v2\/users\/1"}],"replies":[{"embeddable":true,"href":"https:\/\/britchamvn.com\/vi\/wp-json\/wp\/v2\/comments?post=664"}],"version-history":[{"count":18,"href":"https:\/\/britchamvn.com\/vi\/wp-json\/wp\/v2\/pages\/664\/revisions"}],"predecessor-version":[{"id":8834,"href":"https:\/\/britchamvn.com\/vi\/wp-json\/wp\/v2\/pages\/664\/revisions\/8834"}],"up":[{"embeddable":true,"href":"https:\/\/britchamvn.com\/vi\/wp-json\/wp\/v2\/pages\/669"}],"wp:attachment":[{"href":"https:\/\/britchamvn.com\/vi\/wp-json\/wp\/v2\/media?parent=664"}],"curies":[{"name":"wp","href":"https:\/\/api.w.org\/{rel}","templated":true}]}}