{"id":623,"date":"2020-12-16T06:47:32","date_gmt":"2020-12-16T06:47:32","guid":{"rendered":"https:\/\/britchamvn.com\/?page_id=623"},"modified":"2026-03-09T21:01:23","modified_gmt":"2026-03-09T14:01:23","slug":"british-corporate-advocacy-council","status":"publish","type":"page","link":"https:\/\/britchamvn.com\/vi\/british-corporate-advocacy-council\/","title":{"rendered":"Tham v\u1ea5n"},"content":{"rendered":"<p data-path-to-node=\"1\"><b data-path-to-node=\"1\" data-index-in-node=\"0\">Tham v\u1ea5n<\/b> \u0111\u00f3ng vai tr\u00f2 l\u00e0 c\u1ea7u n\u1ed1i chi\u1ebfn l\u01b0\u1ee3c gi\u1eefa c\u1ed9ng \u0111\u1ed3ng doanh nghi\u1ec7p Anh v\u00e0 Ch\u00ednh ph\u1ee7 Vi\u1ec7t Nam. Th\u00f4ng qua <b data-path-to-node=\"1\" data-index-in-node=\"124\">H\u1ed9i \u0111\u1ed3ng c\u1ed1 v\u1ea5n (BCAC)<\/b> v\u00e0 c\u00e1c <b data-path-to-node=\"1\" data-index-in-node=\"191\">Nh\u00f3m c\u00f4ng t\u00e1c chuy\u00ean tr\u00e1ch<\/b>, ch\u00fang t\u00f4i cung c\u1ea5p m\u1ed9t n\u1ec1n t\u1ea3ng chung \u0111\u1ec3 gi\u1ea3i quy\u1ebft c\u00e1c r\u00e0o c\u1ea3n th\u1ecb tr\u01b0\u1eddng v\u00e0 \u0111\u1ecbnh h\u00ecnh m\u1ed9t m\u00f4i tr\u01b0\u1eddng th\u01b0\u01a1ng m\u1ea1i minh b\u1ea1ch, b\u1ec1n v\u1eefng v\u00e0 c\u1ea1nh tranh.<\/p>\n<p data-path-to-node=\"2\">Ch\u00fang t\u00f4i ph\u1ed1i h\u1ee3p ch\u1eb7t ch\u1ebd v\u1edbi <b data-path-to-node=\"2\" data-index-in-node=\"30\">\u0110\u1ea1i s\u1ee9 qu\u00e1n Anh<\/b>, the <b data-path-to-node=\"2\" data-index-in-node=\"51\">, T\u1ed5ng L\u00e3nh s\u1ef1 qu\u00e1n Anh<\/b>v\u00e0 <b data-path-to-node=\"2\" data-index-in-node=\"86\">B\u1ed9 Th\u01b0\u01a1ng m\u1ea1i v\u00e0 Kinh doanh (DBT)<\/b>\u0111\u1ec3 \u0111\u1ed1i tho\u1ea1i tr\u1ef1c ti\u1ebfp v\u1edbi c\u00e1c b\u1ed9 v\u00e0 ch\u00ednh quy\u1ec1n t\u1ec9nh. S\u1ee9 m\u1ec7nh c\u1ee7a ch\u00fang t\u00f4i l\u00e0 \u0111\u1ea1i di\u1ec7n cho l\u1ee3i \u00edch c\u1ee7a c\u00e1c qu\u1ed1c gia th\u00e0nh vi\u00ean trong c\u00e1c l\u0129nh v\u1ef1c tr\u1ecdng \u0111i\u1ec3m nh\u1eb1m th\u00fac \u0111\u1ea9y t\u0103ng tr\u01b0\u1edfng kinh t\u1ebf song ph\u01b0\u01a1ng v\u00e0 c\u1ea3i c\u00e1ch quy \u0111\u1ecbnh.<\/p>","protected":false},"excerpt":{"rendered":"<p>BritCham Advocacy serves as the strategic link between the UK business community and the Vietnamese Government. Through the British Corporate Advocacy Council (BCAC) and our dedicated sector Working Groups, we provide a collective platform to address market barriers and shape a transparent, sustainable, and competitive commercial environment. In close partnership with the British Embassy, the [&hellip;]<\/p>","protected":false},"author":1,"featured_media":0,"parent":0,"menu_order":7,"comment_status":"closed","ping_status":"closed","template":"","meta":{"footnotes":""},"class_list":["post-623","page","type-page","status-publish","hentry"],"_links":{"self":[{"href":"https:\/\/britchamvn.com\/vi\/wp-json\/wp\/v2\/pages\/623","targetHints":{"allow":["GET"]}}],"collection":[{"href":"https:\/\/britchamvn.com\/vi\/wp-json\/wp\/v2\/pages"}],"about":[{"href":"https:\/\/britchamvn.com\/vi\/wp-json\/wp\/v2\/types\/page"}],"author":[{"embeddable":true,"href":"https:\/\/britchamvn.com\/vi\/wp-json\/wp\/v2\/users\/1"}],"replies":[{"embeddable":true,"href":"https:\/\/britchamvn.com\/vi\/wp-json\/wp\/v2\/comments?post=623"}],"version-history":[{"count":27,"href":"https:\/\/britchamvn.com\/vi\/wp-json\/wp\/v2\/pages\/623\/revisions"}],"predecessor-version":[{"id":9955,"href":"https:\/\/britchamvn.com\/vi\/wp-json\/wp\/v2\/pages\/623\/revisions\/9955"}],"wp:attachment":[{"href":"https:\/\/britchamvn.com\/vi\/wp-json\/wp\/v2\/media?parent=623"}],"curies":[{"name":"wp","href":"https:\/\/api.w.org\/{rel}","templated":true}]}}