{"id":565,"date":"2020-12-16T03:15:06","date_gmt":"2020-12-16T03:15:06","guid":{"rendered":"https:\/\/britchamvn.com\/?page_id=565"},"modified":"2024-08-15T10:25:58","modified_gmt":"2024-08-15T03:25:58","slug":"business-services","status":"publish","type":"page","link":"https:\/\/britchamvn.com\/vi\/business-services\/","title":{"rendered":"D\u1ecaCH V\u1ee4"},"content":{"rendered":"<p style=\"text-align: justify;\">BritCham Vi\u1ec7t Nam cam k\u1ebft th\u00fac \u0111\u1ea9y m\u1ed1i quan h\u1ec7 th\u01b0\u01a1ng m\u1ea1i b\u1ec1n v\u1eefng gi\u1eefa c\u00e1c doanh nghi\u1ec7p Anh v\u00e0 Vi\u1ec7t Nam. C\u00e1c d\u1ecbch v\u1ee5 th\u01b0\u01a1ng m\u1ea1i chuy\u00ean bi\u1ec7t c\u1ee7a ch\u00fang t\u00f4i \u0111\u01b0\u1ee3c thi\u1ebft k\u1ebf \u0111\u1ec3 gi\u00fap c\u00e1c doanh nghi\u1ec7p Anh nhanh ch\u00f3ng thi\u1ebft l\u1eadp v\u1ecb th\u1ebf c\u1ee7a m\u00ecnh t\u1ea1i Vi\u1ec7t Nam, d\u00f9 l\u00e0 th\u00f4ng qua xu\u1ea5t kh\u1ea9u, chu\u1ed7i cung \u1ee9ng hay s\u1ea3n xu\u1ea5t. Ch\u00fang t\u00f4i c\u00f3 th\u1ec3 gi\u00fap b\u1ea1n x\u00e1c \u0111\u1ecbnh c\u00e1c c\u01a1 h\u1ed9i th\u01b0\u01a1ng m\u1ea1i v\u00e0 \u0111\u1ea7u t\u01b0, t\u0103ng tr\u01b0\u1edfng xu\u1ea5t kh\u1ea9u v\u00e0 m\u1edf r\u1ed9ng ho\u1ea1t \u0111\u1ed9ng kinh doanh.<\/p>\n<p style=\"text-align: justify;\">Ch\u00fang t\u00f4i l\u1eadp b\u00e1o c\u00e1o ng\u00e0nh h\u00e0ng qu\u00fd \u0111\u1ec3 c\u1eadp nh\u1eadt cho qu\u00fd v\u1ecb v\u1ec1 s\u1ef1 ph\u00e1t tri\u1ec3n c\u1ee7a th\u1ecb tr\u01b0\u1eddng Vi\u1ec7t Nam, \u0111\u1ed3ng th\u1eddi t\u1ea1o \u0111i\u1ec1u ki\u1ec7n thu\u1eadn l\u1ee3i cho c\u00e1c \u0111o\u00e0n th\u01b0\u01a1ng m\u1ea1i v\u00e0 c\u00e1c cu\u1ed9c g\u1eb7p g\u1ee1 B2B gi\u1eefa c\u00e1c c\u00f4ng ty Anh v\u00e0 Vi\u1ec7t Nam, cung c\u1ea5p n\u1ec1n t\u1ea3ng ho\u00e0n h\u1ea3o \u0111\u1ec3 b\u1eaft \u0111\u1ea7u c\u1ee7ng c\u1ed1 c\u00e1c m\u1ed1i quan h\u1ec7 kinh doanh.<\/p>\n<p style=\"text-align: justify;\">Cho d\u00f9 \u0111\u00f3 l\u00e0 t\u00ecm ki\u1ebfm nh\u00e0 cung c\u1ea5p, \u0111\u1ed1i t\u00e1c, kh\u00e1ch h\u00e0ng ho\u1eb7c nh\u00e0 ph\u00e2n ph\u1ed1i, xin gi\u1ea5y ph\u00e9p kinh doanh, t\u00ecm ki\u1ebfm b\u1ea5t \u0111\u1ed9ng s\u1ea3n, ch\u00fang t\u00f4i \u0111\u1ec1u c\u00f3 th\u1ec3 h\u1ed7 tr\u1ee3 v\u00e0 tr\u1ef1c ti\u1ebfp \u0111\u1ea1i di\u1ec7n cho b\u1ea1n t\u1ea1i hi\u1ec7n tr\u01b0\u1eddng.<\/p>","protected":false},"excerpt":{"rendered":"<p>BritCham Vietnam is dedicated to fostering robust trade ties between British and Vietnamese companies. Our bespoke trade services are designed to help UK businesses quickly establish themselves in Vietnam, whether this is through exports or their supply chain or manufacturing. We can help you to identify commercial and investment opportunities, grow exports and expand your [&hellip;]<\/p>","protected":false},"author":1,"featured_media":0,"parent":0,"menu_order":9,"comment_status":"closed","ping_status":"closed","template":"","meta":{"footnotes":""},"class_list":["post-565","page","type-page","status-publish","hentry"],"_links":{"self":[{"href":"https:\/\/britchamvn.com\/vi\/wp-json\/wp\/v2\/pages\/565","targetHints":{"allow":["GET"]}}],"collection":[{"href":"https:\/\/britchamvn.com\/vi\/wp-json\/wp\/v2\/pages"}],"about":[{"href":"https:\/\/britchamvn.com\/vi\/wp-json\/wp\/v2\/types\/page"}],"author":[{"embeddable":true,"href":"https:\/\/britchamvn.com\/vi\/wp-json\/wp\/v2\/users\/1"}],"replies":[{"embeddable":true,"href":"https:\/\/britchamvn.com\/vi\/wp-json\/wp\/v2\/comments?post=565"}],"version-history":[{"count":7,"href":"https:\/\/britchamvn.com\/vi\/wp-json\/wp\/v2\/pages\/565\/revisions"}],"predecessor-version":[{"id":7361,"href":"https:\/\/britchamvn.com\/vi\/wp-json\/wp\/v2\/pages\/565\/revisions\/7361"}],"wp:attachment":[{"href":"https:\/\/britchamvn.com\/vi\/wp-json\/wp\/v2\/media?parent=565"}],"curies":[{"name":"wp","href":"https:\/\/api.w.org\/{rel}","templated":true}]}}