{"id":3,"date":"2020-10-22T03:28:57","date_gmt":"2020-10-22T03:28:57","guid":{"rendered":"https:\/\/britchamvn.com\/?page_id=3"},"modified":"2024-02-01T02:07:03","modified_gmt":"2024-01-31T19:07:03","slug":"privacy-policy","status":"publish","type":"page","link":"https:\/\/britchamvn.com\/vi\/privacy-policy\/","title":{"rendered":"Ch\u00ednh s\u00e1ch b\u1ea3o m\u1eadt"},"content":{"rendered":"<h3 class=\"wp-block-heading\">Ch\u00ednh s\u00e1ch t\u1eeb thi\u1ec7n c\u1ee7a BBGV<\/h3>\r\n<p>K\u1ec3 t\u1eeb khi th\u00e0nh l\u1eadp n\u0103m 1998, BBGV \u0111\u00e3 t\u00edch c\u1ef1c t\u1ed5 ch\u1ee9c c\u00e1c s\u1ef1 ki\u1ec7n g\u00e2y qu\u1ef9 \u0111\u1ec3 h\u1ed7 tr\u1ee3 c\u00e1c d\u1ef1 \u00e1n t\u1eeb thi\u1ec7n v\u00ec l\u1ee3i \u00edch tr\u1ef1c ti\u1ebfp c\u1ee7a ng\u01b0\u1eddi d\u00e2n Vi\u1ec7t Nam.<\/p>\r\n<p>Qu\u1ef9 BBGV \u0111\u00f3ng g\u00f3p cho c\u00e1c d\u1ef1 \u00e1n thu\u1ed9c nhi\u1ec1u l\u0129nh v\u1ef1c t\u1eeb thi\u1ec7n kh\u00e1c nhau. Ch\u00fang t\u00f4i \u01b0u ti\u00ean c\u00e1c d\u1ef1 \u00e1n \u0111\u00e1p \u1ee9ng nhu c\u1ea7u c\u1ee7a tr\u1ebb em v\u00e0 ng\u01b0\u1eddi cao tu\u1ed5i c\u00f3 ho\u00e0n c\u1ea3nh kh\u00f3 kh\u0103n, c\u0169ng nh\u01b0 c\u00e1c d\u1ef1 \u00e1n c\u00f3 t\u00ednh ch\u1ea5t gi\u00e1o d\u1ee5c. Ch\u00fang t\u00f4i \u0111\u1eb7c bi\u1ec7t quan t\u00e2m \u0111\u1ebfn vi\u1ec7c h\u1ed7 tr\u1ee3 c\u00e1c l\u0129nh v\u1ef1c sau:<\/p>\r\n<p>\u2022 Ch\u0103m s\u00f3c s\u1ee9c kh\u1ecfe<\/p>\r\n<p>\u2022 Gi\u00e1o d\u1ee5c<\/p>\r\n<p>\u2022 \u0110\u00e0o t\u1ea1o ngh\u1ec1<\/p>\r\n<p>\u2022 Ng\u01b0\u1eddi khuy\u1ebft t\u1eadt<\/p>\r\n<p>\u2022 \u0110\u1ed9ng v\u1eadt hoang d\u00e3<\/p>\r\n<p>BBGV s\u1ebd\u00a0<strong>kh\u00f4ng<\/strong>\u00a0G\u00f3p ph\u1ea7n v\u00e0o nh\u1eefng \u0111i\u1ec1u sau:<\/p>\r\n<p>\u2022 Chi ph\u00ed \u0111i l\u1ea1i trong n\u01b0\u1edbc ho\u1eb7c qu\u1ed1c t\u1ebf<\/p>\r\n<p>\u2022 L\u01b0\u01a1ng nh\u00e2n vi\u00ean<\/p>\r\n<p>\u2022 M\u1ed9t d\u1ef1 \u00e1n s\u1ebd s\u1ee5p \u0111\u1ed5 n\u1ebfu kh\u00f4ng c\u00f3 s\u1ef1 h\u1ed7 tr\u1ee3 li\u00ean t\u1ee5c t\u1eeb BBGV<\/p>\r\n<p>\u2022 Chi ph\u00ed h\u00e0nh ch\u00ednh kh\u00f4ng li\u00ean quan \u0111\u1ebfn d\u1ef1 \u00e1n<\/p>\r\n<p>\u2022 H\u1ecdc b\u1ed5ng du h\u1ecdc n\u01b0\u1edbc ngo\u00e0i<\/p>\r\n<p>\u2022 C\u00e1c ho\u1ea1t \u0111\u1ed9ng v\u1eadn \u0111\u1ed9ng tranh c\u1eed<\/p>\r\n<h3>Ti\u00eau ch\u00ed l\u1ef1a ch\u1ecdn<\/h3>\r\n<p>1. Trong ph\u1ea1m vi c\u00e1c ho\u1ea1t \u0111\u1ed9ng t\u1eeb thi\u1ec7n \u0111\u01b0\u1ee3c m\u00f4 t\u1ea3 \u1edf tr\u00ean, ch\u00fang t\u00f4i t\u00ecm ki\u1ebfm c\u00e1c t\u1ed5 ch\u1ee9c c\u00f3 kh\u1ea3 n\u0103ng s\u1eed d\u1ee5ng ti\u1ec1n c\u1ee7a ch\u00fang t\u00f4i m\u1ed9t c\u00e1ch hi\u1ec7u qu\u1ea3. Ch\u00fang t\u00f4i c\u1ea7n ph\u1ea3i tin t\u01b0\u1edfng r\u1eb1ng t\u1ed5 ch\u1ee9c t\u1eeb thi\u1ec7n \u0111\u00f3 c\u00f3 kh\u1ea3 n\u0103ng t\u1ea1o ra k\u1ebft qu\u1ea3 t\u00edch c\u1ef1c v\u00e0 ch\u1ee9ng minh \u0111\u01b0\u1ee3c nh\u1eefng g\u00ec \u0111\u00e3 \u0111\u1ea1t \u0111\u01b0\u1ee3c v\u1edbi ngu\u1ed3n qu\u1ef9 c\u1ee7a ch\u00fang t\u00f4i (t\u1ee9c l\u00e0 ch\u1ec9 b\u00e1o c\u00e1o v\u1ec1 vi\u1ec7c ti\u1ec1n \u0111\u00e3 \u0111\u01b0\u1ee3c chi ti\u00eau v\u00e0o nh\u1eefng vi\u1ec7c g\u00ec l\u00e0 ch\u01b0a \u0111\u1ee7).<\/p>\r\n<p>2. T\u1ed5 ch\u1ee9c t\u1eeb thi\u1ec7n x\u00e1c \u0111\u1ecbnh r\u00f5 m\u1ed9t nhu c\u1ea7u ho\u1eb7c v\u1ea5n \u0111\u1ec1 m\u00e0 ngu\u1ed3n t\u00e0i tr\u1ee3 c\u1ee7a BBGV c\u00f3 th\u1ec3 gi\u00fap gi\u1ea3m b\u1edbt ho\u1eb7c gi\u1ea3i quy\u1ebft, \u0111\u1ed3ng th\u1eddi n\u00eau r\u00f5 ai s\u1ebd \u0111\u01b0\u1ee3c h\u01b0\u1edfng l\u1ee3i.<\/p>\r\n<p>3. Ch\u00fang t\u00f4i k\u1ef3 v\u1ecdng t\u1ed5 ch\u1ee9c th\u1ee5 h\u01b0\u1edfng s\u1ebd t\u00ecm ki\u1ebfm ngu\u1ed3n t\u00e0i tr\u1ee3 b\u1ed5 sung t\u1eeb ngu\u1ed3n l\u1ef1c c\u1ee7a ch\u00ednh m\u00ecnh ho\u1eb7c t\u1eeb c\u00e1c t\u1ed5 ch\u1ee9c kh\u00e1c, t\u1ee9c l\u00e0 tr\u1eeb c\u00e1c d\u1ef1 \u00e1n r\u1ea5t nh\u1ecf, BBGV kh\u00f4ng t\u00e0i tr\u1ee3 to\u00e0n b\u1ed9 d\u1ef1 \u00e1n. M\u1eb7t kh\u00e1c, ch\u00fang t\u00f4i k\u1ef3 v\u1ecdng l\u1ee3i \u00edch t\u1eeb ngu\u1ed3n t\u00e0i tr\u1ee3 c\u1ee7a BBGV ph\u1ea3i \u0111\u01b0\u1ee3c x\u00e1c \u0111\u1ecbnh r\u00f5 r\u00e0ng v\u00e0 s\u1ebd kh\u00f4ng \u1ee7ng h\u1ed9 m\u1ed9t d\u1ef1 \u00e1n l\u1edbn m\u00e0 ngu\u1ed3n v\u1ed1n c\u1ee7a BBGV qu\u00e1 nh\u1ecf \u0111\u1ec3 c\u00f3 th\u1ec3 ph\u00e2n bi\u1ec7t r\u00f5 r\u00e0ng.<\/p>\r\n<p>4. Quy m\u00f4 nh\u1ecf v\u00e0 thi\u1ebfu kinh ph\u00ed kh\u00f4ng ph\u1ea3i l\u00e0 ti\u00eau ch\u00ed \u0111\u1ec3 l\u1ef1a ch\u1ecdn. T\u01b0\u01a1ng t\u1ef1, ch\u00fang t\u00f4i s\u1ebd kh\u00f4ng lo\u1ea1i tr\u1eeb m\u1ed9t t\u1ed5 ch\u1ee9c t\u1eeb thi\u1ec7n ch\u1ec9 v\u00ec n\u00f3 l\u1edbn v\u00e0 th\u00e0nh c\u00f4ng.<\/p>\r\n<p>5. Tuy nhi\u00ean, ch\u00fang t\u00f4i \u0111\u1eb7c bi\u1ec7t \u0111\u00e1nh gi\u00e1 cao c\u00e1c t\u1ed5 ch\u1ee9c nh\u1ecf \u0111\u00e3 th\u1ec3 hi\u1ec7n kh\u1ea3 n\u0103ng \u0111\u1ea1t \u0111\u01b0\u1ee3c k\u1ebft qu\u1ea3 t\u1ed1t nh\u01b0ng l\u1ea1i b\u1ecb h\u1ea1n ch\u1ebf b\u1edfi thi\u1ebfu kinh ph\u00ed.<\/p>\r\n<p>6. T\u1ed5 ch\u1ee9c ph\u1ea3i c\u00f3 gi\u1ea5y ph\u00e9p ho\u1ea1t \u0111\u1ed9ng h\u1ee3p ph\u00e1p t\u1ea1i Vi\u1ec7t Nam.<\/p>\r\n<h3>Ph\u1ea1m vi \u0111\u1ecba l\u00fd<\/h3>\r\n<p>L\u00e0 m\u1ed9t t\u1ed5 ch\u1ee9c to\u00e0n qu\u1ed1c, BBGV h\u1ed7 tr\u1ee3 c\u00e1c t\u1ed5 ch\u1ee9c t\u1eeb thi\u1ec7n tr\u00ean kh\u1eafp Vi\u1ec7t Nam. Tuy nhi\u00ean, ch\u00fang t\u00f4i c\u1ea7n duy tr\u00ec s\u1ef1 gi\u00e1m s\u00e1t \u0111\u1ed1i v\u1edbi c\u00e1c kho\u1ea3n qu\u1ef9 v\u00e0 vi\u1ec7c s\u1eed d\u1ee5ng ch\u00fang. Do \u0111\u00f3, m\u1eb7c d\u00f9 ch\u00fang t\u00f4i s\u1eb5n s\u00e0ng h\u1ed7 tr\u1ee3 c\u00e1c d\u1ef1 \u00e1n \u1edf v\u00f9ng s\u00e2u v\u00f9ng xa, ch\u00fang t\u00f4i v\u1eabn c\u1ea7n gi\u1ea3i quy\u1ebft c\u00e1c v\u1ea5n \u0111\u1ec1 th\u1ef1c ti\u1ec5n v\u1ec1 gi\u00e1m s\u00e1t t\u1ea1i nh\u1eefng \u0111\u1ecba \u0111i\u1ec3m n\u00e0y.<\/p>","protected":false},"excerpt":{"rendered":"<p>BBGV Charity Policy Since its establishment in 1998, the BBGV has been active in organising events to raise money to support charitable projects for the direct benefit of the Vietnamese people. The BBGV contributes to projects which cover a range of charitable fields. We give priority to projects which meet with the needs of disadvantaged [&hellip;]<\/p>","protected":false},"author":1,"featured_media":0,"parent":0,"menu_order":35,"comment_status":"closed","ping_status":"open","template":"","meta":{"footnotes":""},"class_list":["post-3","page","type-page","status-publish","hentry"],"_links":{"self":[{"href":"https:\/\/britchamvn.com\/vi\/wp-json\/wp\/v2\/pages\/3","targetHints":{"allow":["GET"]}}],"collection":[{"href":"https:\/\/britchamvn.com\/vi\/wp-json\/wp\/v2\/pages"}],"about":[{"href":"https:\/\/britchamvn.com\/vi\/wp-json\/wp\/v2\/types\/page"}],"author":[{"embeddable":true,"href":"https:\/\/britchamvn.com\/vi\/wp-json\/wp\/v2\/users\/1"}],"replies":[{"embeddable":true,"href":"https:\/\/britchamvn.com\/vi\/wp-json\/wp\/v2\/comments?post=3"}],"version-history":[{"count":2,"href":"https:\/\/britchamvn.com\/vi\/wp-json\/wp\/v2\/pages\/3\/revisions"}],"predecessor-version":[{"id":975,"href":"https:\/\/britchamvn.com\/vi\/wp-json\/wp\/v2\/pages\/3\/revisions\/975"}],"wp:attachment":[{"href":"https:\/\/britchamvn.com\/vi\/wp-json\/wp\/v2\/media?parent=3"}],"curies":[{"name":"wp","href":"https:\/\/api.w.org\/{rel}","templated":true}]}}