{"id":266,"date":"2020-12-07T07:33:57","date_gmt":"2020-12-07T07:33:57","guid":{"rendered":"https:\/\/britchamvn.com\/?page_id=266"},"modified":"2025-05-13T16:51:48","modified_gmt":"2025-05-13T09:51:48","slug":"benefits","status":"publish","type":"page","link":"https:\/\/britchamvn.com\/vi\/benefits\/","title":{"rendered":"L\u1ee3i \u00edch"},"content":{"rendered":"<h1>Th\u00e0nh vi\u00ean<br \/>\nG\u00f3i h\u00e0ng<\/h1>\n<p>Ch\u00fang t\u00f4i cung c\u1ea5p nhi\u1ec1u lo\u1ea1i h\u00ecnh th\u00e0nh vi\u00ean kh\u00e1c nhau \u0111\u1ec3 ph\u00f9 h\u1ee3p v\u1edbi nhu c\u1ea7u kinh doanh ri\u00eang c\u1ee7a t\u1eebng doanh nghi\u1ec7p.<\/p>\n<p>H\u00e3y \u0111\u0103ng k\u00fd l\u00e0m th\u00e0nh vi\u00ean b\u1eb1ng c\u00e1ch s\u1eed d\u1ee5ng m\u1eabu \u0111\u01a1n \u0111\u0103ng k\u00fd.<br \/>\nCh\u00fang t\u00f4i \u0111\u1eb7t m\u1ee5c ti\u00eau ph\u1ea3n h\u1ed3i l\u1ea1i t\u1ea5t c\u1ea3 c\u00e1c \u1ee9ng vi\u00ean trong v\u00f2ng...<br \/>\n2-3 ng\u00e0y l\u00e0m vi\u1ec7c.<\/p>","protected":false},"excerpt":{"rendered":"<p>Membership Packages We offer different types of membership to suit your individual business requirements. Apply for membership using the application form. We aim to get back to all applicants within 2-3 working days.<\/p>","protected":false},"author":1,"featured_media":0,"parent":0,"menu_order":15,"comment_status":"closed","ping_status":"closed","template":"","meta":{"footnotes":""},"class_list":["post-266","page","type-page","status-publish","hentry"],"_links":{"self":[{"href":"https:\/\/britchamvn.com\/vi\/wp-json\/wp\/v2\/pages\/266","targetHints":{"allow":["GET"]}}],"collection":[{"href":"https:\/\/britchamvn.com\/vi\/wp-json\/wp\/v2\/pages"}],"about":[{"href":"https:\/\/britchamvn.com\/vi\/wp-json\/wp\/v2\/types\/page"}],"author":[{"embeddable":true,"href":"https:\/\/britchamvn.com\/vi\/wp-json\/wp\/v2\/users\/1"}],"replies":[{"embeddable":true,"href":"https:\/\/britchamvn.com\/vi\/wp-json\/wp\/v2\/comments?post=266"}],"version-history":[{"count":28,"href":"https:\/\/britchamvn.com\/vi\/wp-json\/wp\/v2\/pages\/266\/revisions"}],"predecessor-version":[{"id":8724,"href":"https:\/\/britchamvn.com\/vi\/wp-json\/wp\/v2\/pages\/266\/revisions\/8724"}],"wp:attachment":[{"href":"https:\/\/britchamvn.com\/vi\/wp-json\/wp\/v2\/media?parent=266"}],"curies":[{"name":"wp","href":"https:\/\/api.w.org\/{rel}","templated":true}]}}